{"id":1683,"date":"2026-01-28T19:14:04","date_gmt":"2026-01-28T18:14:04","guid":{"rendered":"https:\/\/psychologiedelasante.fr\/?page_id=1683"},"modified":"2026-01-28T21:43:45","modified_gmt":"2026-01-28T20:43:45","slug":"psychologie-du-trauma","status":"publish","type":"page","link":"https:\/\/psychologiedelasante.fr\/index.php\/psychologie-du-trauma\/","title":{"rendered":"Psychologie du trauma"},"content":{"rendered":"<div id=\"pl-1683\"  class=\"panel-layout\" ><div id=\"pg-1683-0\"  class=\"panel-grid panel-no-style\" ><div id=\"pgc-1683-0-0\"  class=\"panel-grid-cell\" ><div id=\"panel-1683-0-0-0\" class=\"so-panel widget widget_sow-editor panel-first-child\" data-index=\"0\" ><div\n\t\t\t\n\t\t\tclass=\"so-widget-sow-editor so-widget-sow-editor-base\"\n\t\t\t\n\t\t>\n<div class=\"siteorigin-widget-tinymce textwidget\">\n\t<p>La psychologie du trauma est une discipline de la psychologie qui s\u2019appuie entre autres sur des connaissances issues des neurosciences. Elle cherche \u00e0 \u00e9tudier, comprendre et traiter les troubles psychiques et psycho-somatiques pouvant intervenir suite \u00e0 des \u00e9v\u00e9nements traumatiques. En effet, tout au long de sa vie, l\u2019\u00eatre humain (l\u2019enfant, l\u2019adolescent, l\u2019adulte) peut \u00eatre amen\u00e9 \u00e0 vivre un \u00e9v\u00e9nement traumatique ou une p\u00e9riode de stress intense (accident, abus sexuels, catastrophes naturelles, acte chirurgical invasif, agressions, n\u00e9gligences \u00e9motionnelles, maltraitance, maladie grave, deuil\u2026). Suite \u00e0 ces \u00e9v\u00e9nements, de fa\u00e7on imm\u00e9diate ou des ann\u00e9es plus tard, des troubles psychiques ou somatiques peuvent se d\u00e9velopper et affecter la vie de l\u2019individu de diff\u00e9rentes mani\u00e8res. Les troubles les plus \u00e9tudi\u00e9s sont\u00a0:<\/p>\n<p>- le <strong>Trouble de stress post-traumatique<\/strong> (ou TSPT) qui est d\u00e9fini comme \u00ab\u00a0une r\u00e9action prolong\u00e9e \u00e0 un \u00e9v\u00e9nement traumatique exceptionnellement mena\u00e7ant ou catastrophique. Les sympt\u00f4mes incluent des reviviscences de l'\u00e9v\u00e9nement, des cauchemars, et une d\u00e9tresse intense lorsque expos\u00e9 \u00e0 des rappels de l'\u00e9v\u00e9nement\u00a0\u00bb . (D\u00e9finition de la Classification Internationale des Maladie, CIM10)<\/p>\n<p>- le <strong>Trouble de stress post-traumatique complexe<\/strong> (ou TSPT complexe) qui est un \u00ab\u00a0trouble qui peut appara\u00eetre apr\u00e8s une exposition \u00e0 un \u00e9v\u00e9nement ou \u00e0 une s\u00e9rie d\u2019\u00e9v\u00e9nements de nature extr\u00eamement mena\u00e7ante ou terrifiante, le plus souvent prolong\u00e9s ou \u00e0 des \u00e9v\u00e9nements r\u00e9p\u00e9titifs dont il est difficile ou impossible de s\u2019\u00e9chapper\u00a0\u00bb. (D\u00e9finition de la Classification Internationale des Maladie, CIM10)<\/p>\n<p>- les <strong>Troubles dissociatifs<\/strong>\u00a0: face \u00e0 une menace extr\u00eame, le cerveau cherche \u00e0 assurer la survie de l\u2019individu et d\u00e9ploie un ph\u00e9nom\u00e8ne de dissociation, o\u00f9 la personne se d\u00e9crit comme \u00ab d\u00e9connect\u00e9e \u00bb de ses pens\u00e9es, de ses \u00e9motions, ou m\u00eame de son propre corps. La dissociation est donc une r\u00e9ponse de survie, mais elle peut devenir probl\u00e9matique si elle persiste.<\/p>\n<p>- d\u2019<strong>Autres troubles<\/strong> pouvant survenir avec des formes tr\u00e8s diverses, tant dans leur nature que dans leur intensit\u00e9 ou leur fr\u00e9quence\u00a0: troubles anxieux, troubles du sommeil, troubles alimentaires, d\u00e9pression, addictions, difficult\u00e9s relationnelles, difficult\u00e9s sexuelles, douleurs chroniques, impression d\u2019\u00eatre d\u00e9connect\u00e9 de soi, \u00e9tats dissociatifs, hypervigilance...<\/p>\n<p>Le traumatisme psychique est ainsi d\u00e9fini comme \u00ab\u00a0<em>une blessure mentale caus\u00e9e par une exp\u00e9rience qui d\u00e9passe la capacit\u00e9 d\u2019adaptation de l\u2019individu<\/em>\u00a0\u00bb. Tout \u00e9v\u00e9nement v\u00e9cu comme traumatique peut donc avoir des cons\u00e9quences sur le corps, la r\u00e9gulation \u00e9motionnelle (anxi\u00e9t\u00e9...), le fonctionnement cognitif (pens\u00e9es, flashbacks, m\u00e9moire\u2026) et le comportement de l\u2019individu. Les troubles peuvent tr\u00e8s souvent appara\u00eetre bien plus tard, apr\u00e8s un long moment sans plaintes particuli\u00e8res, ou bien, ils ont toujours \u00e9t\u00e9 pr\u00e9sents, variant en intensit\u00e9, et impactant l\u2019individu longtemps apr\u00e8s l\u2019\u00e9v\u00e9nement initial, perturbant ainsi sa vie quotidienne et son bien-\u00eatre.<\/p>\n<p>La psychotraumatologie examine donc toutes les r\u00e9actions post-traumatiques pour en rep\u00e9rer les m\u00e9canismes corporels, \u00e9motionnels ou cognitifs sous-jacents.<\/p>\n<p>Dans le cadre du suivi th\u00e9rapeutique :<\/p>\n<p>* Je vous am\u00e8ne \u00e0 mieux comprendre votre souffrance, \u00e0 r\u00e9int\u00e9grer vos parties dissoci\u00e9es, \u00e0 (re)construire un sentiment de s\u00e9curit\u00e9 et de contr\u00f4le pour une vie plus \u00e9panouie malgr\u00e9 les difficult\u00e9s et l\u2019adversit\u00e9 que vous avez pu traverser.<\/p>\n<p>* Je vous accompagne avec les connaissances, les pratiques et les outils issus de\u00a0:<br \/>\n- la Somatic Experiencing de <a href=\"https:\/\/www.somaticexperiencing.com\">Peter Levine<\/a><br \/>\n- l\u2019IFS en lien avec le trauma de <a href=\"https:\/\/www.frankandersonmd.com\/\">Frank Anderson<\/a><br \/>\n- le TIST (Traitement de stabilisation trauma-inform\u00e9) de <a href=\"https:\/\/janinafisher.com\/\">Janina Fisher<\/a><br \/>\n- le trauma de n\u00e9gligence de <a href=\"https:\/\/ruthcohnmft.com\/\">Ruth Cohn<\/a><br \/>\n- le DNMS (Strat\u00e9gies de r\u00e9ponse aux besoins d\u00e9veloppementaux) de <a href=\"https:\/\/www.shirleyjeanschmidt.com)\">Shirley Jean Schmidt<\/a> traduit et diffus\u00e9 en France par <a href=\"https:\/\/www.aliciagyatso.com\">Alicia Gyatso<\/a>.<\/p>\n<p>&nbsp;<\/p>\n<p><strong>-&gt; Pour aller plus loin :<\/strong><br \/>\n<a href=\"https:\/\/www.aftd.eu\">Association Francophone du Trauma et de la Dissociation<\/a><\/p>\n<p><strong>-&gt; Bibliographie :<\/strong><\/p>\n<p>* Le corps n\u2019oublie rien : le cerveau, l\u2019esprit, le corps dans la gu\u00e9rison du traumatisme.<br \/>\nBessel Van Der Kolk, 2021. Pocket Evolution.<\/p>\n<p>* Gu\u00e9rir par-del\u00e0 les mots : comment le corps dissipe le traumatisme et restaure le bien-\u00eatre.<br \/>\nPeter Levine. 2024. Intereditions, Collection Soins et Psy.<\/p>\n<p>* R\u00e9veiller le tigre : gu\u00e9rir le traumatisme<br \/>\nPeter Levine. 2024. Intereditions, Collection Soins et Psy.<\/p>\n<\/div>\n<\/div><\/div><div id=\"panel-1683-0-0-1\" class=\"so-panel widget widget_lawyer_zone_contact panel-last-child\" data-index=\"1\" >            <section id=\"contact\" class=\"at-widgets acme-contact \">\r\n                <div class=\"contact-form\">\r\n                    <div class=\"container\">\r\n                        <div class=\"row\">\r\n                            <div class='at-widget-title-wrapper'><h3 class=\"widget-title\">Formulaire de contact<\/h3><\/div>                            <div class=\"col-md-12 init-animate zoomIn\">\r\n                                \n<div class=\"wpcf7 no-js\" id=\"wpcf7-f97-o1\" lang=\"fr-FR\" dir=\"ltr\" data-wpcf7-id=\"97\">\n<div class=\"screen-reader-response\"><p role=\"status\" aria-live=\"polite\" aria-atomic=\"true\"><\/p> <ul><\/ul><\/div>\n<form action=\"\/index.php\/wp-json\/wp\/v2\/pages\/1683#wpcf7-f97-o1\" method=\"post\" class=\"wpcf7-form init\" aria-label=\"Formulaire de contact\" novalidate=\"novalidate\" data-status=\"init\">\n<fieldset class=\"hidden-fields-container\"><input type=\"hidden\" name=\"_wpcf7\" value=\"97\" \/><input type=\"hidden\" name=\"_wpcf7_version\" value=\"6.1.4\" \/><input type=\"hidden\" name=\"_wpcf7_locale\" value=\"fr_FR\" \/><input type=\"hidden\" name=\"_wpcf7_unit_tag\" value=\"wpcf7-f97-o1\" \/><input type=\"hidden\" name=\"_wpcf7_container_post\" value=\"0\" \/><input type=\"hidden\" name=\"_wpcf7_posted_data_hash\" value=\"\" \/><input type=\"hidden\" name=\"_wpcf7_recaptcha_response\" value=\"\" \/>\n<\/fieldset>\n<p><label> Votre nom (obligatoire)<br \/>\n<span class=\"wpcf7-form-control-wrap\" data-name=\"your-name\"><input size=\"40\" maxlength=\"400\" class=\"wpcf7-form-control wpcf7-text wpcf7-validates-as-required\" aria-required=\"true\" aria-invalid=\"false\" value=\"\" type=\"text\" name=\"your-name\" \/><\/span> <\/label>\n<\/p>\n<p><label> Votre adresse de messagerie (obligatoire)<br \/>\n<span class=\"wpcf7-form-control-wrap\" data-name=\"your-email\"><input size=\"40\" maxlength=\"400\" class=\"wpcf7-form-control wpcf7-email wpcf7-validates-as-required wpcf7-text wpcf7-validates-as-email\" aria-required=\"true\" aria-invalid=\"false\" value=\"\" type=\"email\" name=\"your-email\" \/><\/span> <\/label>\n<\/p>\n<p><label> Objet<br \/>\n<span class=\"wpcf7-form-control-wrap\" data-name=\"your-subject\"><input size=\"40\" maxlength=\"400\" class=\"wpcf7-form-control wpcf7-text\" aria-invalid=\"false\" value=\"\" type=\"text\" name=\"your-subject\" \/><\/span> <\/label>\n<\/p>\n<p><label> Votre message<br \/>\n<span class=\"wpcf7-form-control-wrap\" data-name=\"your-message\"><textarea cols=\"40\" rows=\"10\" maxlength=\"2000\" class=\"wpcf7-form-control wpcf7-textarea\" aria-invalid=\"false\" name=\"your-message\"><\/textarea><\/span> <\/label>\n<\/p>\n<p><span class=\"wpcf7-form-control-wrap\" data-name=\"acceptance-432\"><span class=\"wpcf7-form-control wpcf7-acceptance\"><span class=\"wpcf7-list-item\"><label><input type=\"checkbox\" name=\"acceptance-432\" value=\"1\" aria-invalid=\"false\" \/><span class=\"wpcf7-list-item-label\">En accord avec la RGPD, en soumettant ce formulaire, j'accepte que les informations saisies dans celui-ci soient utilis\u00e9es pour permettre de me recontacter dans le cadre d'une demande d'informations ou l'\u00e9laboration d'un devis. (Obligatoire)<\/span><\/label><\/span><\/span><\/span>\n<\/p>\n<p><input class=\"wpcf7-form-control wpcf7-submit has-spinner\" type=\"submit\" value=\"Envoyer\" \/>\n<\/p><div class=\"wpcf7-response-output\" aria-hidden=\"true\"><\/div>\n<\/form>\n<\/div>\n                            <\/div>\r\n\r\n                        <\/div>\r\n                    <\/div>\r\n                <\/div>\r\n            <\/section>\r\n            <\/div><\/div><\/div><\/div>","protected":false},"excerpt":{"rendered":"<p>La psychologie du trauma est une discipline de la psychologie qui s\u2019appuie entre autres sur des connaissances issues des neurosciences. Elle cherche \u00e0 \u00e9tudier, comprendre et traiter les troubles psychiques et psycho-somatiques pouvant intervenir suite \u00e0 des \u00e9v\u00e9nements traumatiques. En effet, tout au long de sa vie, l\u2019\u00eatre humain (l\u2019enfant, l\u2019adolescent, l\u2019adulte) peut \u00eatre amen\u00e9 [&hellip;]<\/p>\n","protected":false},"author":1,"featured_media":0,"parent":0,"menu_order":0,"comment_status":"closed","ping_status":"closed","template":"","meta":{"footnotes":""},"class_list":["post-1683","page","type-page","status-publish","hentry"],"yoast_head":"<!-- This site is optimized with the Yoast SEO plugin v26.9 - https:\/\/yoast.com\/product\/yoast-seo-wordpress\/ -->\n<title>Psychologie du trauma | Amandine BONNET | Psychologue, Psychoth\u00e9rapeute | Montpellier<\/title>\n<meta name=\"description\" content=\"Amandine BONNET, Psychologue de la sant\u00e9, Psychoth\u00e9rapeute, Consultante Pr\u00e9vention Sant\u00e9, Th\u00e9rapies de pleine conscience, Montpellier, France\" \/>\n<meta name=\"robots\" content=\"index, follow, max-snippet:-1, max-image-preview:large, max-video-preview:-1\" \/>\n<link rel=\"canonical\" href=\"https:\/\/psychologiedelasante.fr\/index.php\/psychologie-du-trauma\/\" \/>\n<meta property=\"og:locale\" content=\"fr_FR\" \/>\n<meta property=\"og:type\" content=\"article\" \/>\n<meta property=\"og:title\" content=\"Psychologie du trauma | Amandine BONNET | Psychologue, Psychoth\u00e9rapeute | Montpellier\" \/>\n<meta property=\"og:description\" content=\"Amandine BONNET, Psychologue de la sant\u00e9, Psychoth\u00e9rapeute, Consultante Pr\u00e9vention Sant\u00e9, Th\u00e9rapies de pleine conscience, Montpellier, France\" \/>\n<meta property=\"og:url\" content=\"https:\/\/psychologiedelasante.fr\/index.php\/psychologie-du-trauma\/\" \/>\n<meta property=\"og:site_name\" content=\"Amandine BONNET | Psychologue, Psychoth\u00e9rapeute | Montpellier\" \/>\n<meta property=\"article:modified_time\" content=\"2026-01-28T20:43:45+00:00\" \/>\n<meta name=\"twitter:card\" content=\"summary_large_image\" \/>\n<meta name=\"twitter:label1\" content=\"Dur\u00e9e de lecture estim\u00e9e\" \/>\n\t<meta name=\"twitter:data1\" content=\"4 minutes\" \/>\n<script type=\"application\/ld+json\" class=\"yoast-schema-graph\">{\"@context\":\"https:\/\/schema.org\",\"@graph\":[{\"@type\":\"WebPage\",\"@id\":\"https:\/\/psychologiedelasante.fr\/index.php\/psychologie-du-trauma\/\",\"url\":\"https:\/\/psychologiedelasante.fr\/index.php\/psychologie-du-trauma\/\",\"name\":\"Psychologie du trauma | Amandine BONNET | Psychologue, Psychoth\u00e9rapeute | Montpellier\",\"isPartOf\":{\"@id\":\"https:\/\/psychologiedelasante.fr\/#website\"},\"datePublished\":\"2026-01-28T18:14:04+00:00\",\"dateModified\":\"2026-01-28T20:43:45+00:00\",\"description\":\"Amandine BONNET, Psychologue de la sant\u00e9, Psychoth\u00e9rapeute, Consultante Pr\u00e9vention Sant\u00e9, Th\u00e9rapies de pleine conscience, Montpellier, France\",\"breadcrumb\":{\"@id\":\"https:\/\/psychologiedelasante.fr\/index.php\/psychologie-du-trauma\/#breadcrumb\"},\"inLanguage\":\"fr-FR\",\"potentialAction\":[{\"@type\":\"ReadAction\",\"target\":[\"https:\/\/psychologiedelasante.fr\/index.php\/psychologie-du-trauma\/\"]}]},{\"@type\":\"BreadcrumbList\",\"@id\":\"https:\/\/psychologiedelasante.fr\/index.php\/psychologie-du-trauma\/#breadcrumb\",\"itemListElement\":[{\"@type\":\"ListItem\",\"position\":1,\"name\":\"Accueil\",\"item\":\"https:\/\/psychologiedelasante.fr\/\"},{\"@type\":\"ListItem\",\"position\":2,\"name\":\"Psychologie du trauma\"}]},{\"@type\":\"WebSite\",\"@id\":\"https:\/\/psychologiedelasante.fr\/#website\",\"url\":\"https:\/\/psychologiedelasante.fr\/\",\"name\":\"Amandine BONNET, Psychologue, Psychoth\u00e9rapeute, Formatrice\",\"description\":\"\",\"potentialAction\":[{\"@type\":\"SearchAction\",\"target\":{\"@type\":\"EntryPoint\",\"urlTemplate\":\"https:\/\/psychologiedelasante.fr\/?s={search_term_string}\"},\"query-input\":{\"@type\":\"PropertyValueSpecification\",\"valueRequired\":true,\"valueName\":\"search_term_string\"}}],\"inLanguage\":\"fr-FR\"}]}<\/script>\n<!-- \/ Yoast SEO plugin. -->","yoast_head_json":{"title":"Psychologie du trauma | Amandine BONNET | Psychologue, Psychoth\u00e9rapeute | Montpellier","description":"Amandine BONNET, Psychologue de la sant\u00e9, Psychoth\u00e9rapeute, Consultante Pr\u00e9vention Sant\u00e9, Th\u00e9rapies de pleine conscience, Montpellier, France","robots":{"index":"index","follow":"follow","max-snippet":"max-snippet:-1","max-image-preview":"max-image-preview:large","max-video-preview":"max-video-preview:-1"},"canonical":"https:\/\/psychologiedelasante.fr\/index.php\/psychologie-du-trauma\/","og_locale":"fr_FR","og_type":"article","og_title":"Psychologie du trauma | Amandine BONNET | Psychologue, Psychoth\u00e9rapeute | Montpellier","og_description":"Amandine BONNET, Psychologue de la sant\u00e9, Psychoth\u00e9rapeute, Consultante Pr\u00e9vention Sant\u00e9, Th\u00e9rapies de pleine conscience, Montpellier, France","og_url":"https:\/\/psychologiedelasante.fr\/index.php\/psychologie-du-trauma\/","og_site_name":"Amandine BONNET | Psychologue, Psychoth\u00e9rapeute | Montpellier","article_modified_time":"2026-01-28T20:43:45+00:00","twitter_card":"summary_large_image","twitter_misc":{"Dur\u00e9e de lecture estim\u00e9e":"4 minutes"},"schema":{"@context":"https:\/\/schema.org","@graph":[{"@type":"WebPage","@id":"https:\/\/psychologiedelasante.fr\/index.php\/psychologie-du-trauma\/","url":"https:\/\/psychologiedelasante.fr\/index.php\/psychologie-du-trauma\/","name":"Psychologie du trauma | Amandine BONNET | Psychologue, Psychoth\u00e9rapeute | Montpellier","isPartOf":{"@id":"https:\/\/psychologiedelasante.fr\/#website"},"datePublished":"2026-01-28T18:14:04+00:00","dateModified":"2026-01-28T20:43:45+00:00","description":"Amandine BONNET, Psychologue de la sant\u00e9, Psychoth\u00e9rapeute, Consultante Pr\u00e9vention Sant\u00e9, Th\u00e9rapies de pleine conscience, Montpellier, France","breadcrumb":{"@id":"https:\/\/psychologiedelasante.fr\/index.php\/psychologie-du-trauma\/#breadcrumb"},"inLanguage":"fr-FR","potentialAction":[{"@type":"ReadAction","target":["https:\/\/psychologiedelasante.fr\/index.php\/psychologie-du-trauma\/"]}]},{"@type":"BreadcrumbList","@id":"https:\/\/psychologiedelasante.fr\/index.php\/psychologie-du-trauma\/#breadcrumb","itemListElement":[{"@type":"ListItem","position":1,"name":"Accueil","item":"https:\/\/psychologiedelasante.fr\/"},{"@type":"ListItem","position":2,"name":"Psychologie du trauma"}]},{"@type":"WebSite","@id":"https:\/\/psychologiedelasante.fr\/#website","url":"https:\/\/psychologiedelasante.fr\/","name":"Amandine BONNET, Psychologue, Psychoth\u00e9rapeute, Formatrice","description":"","potentialAction":[{"@type":"SearchAction","target":{"@type":"EntryPoint","urlTemplate":"https:\/\/psychologiedelasante.fr\/?s={search_term_string}"},"query-input":{"@type":"PropertyValueSpecification","valueRequired":true,"valueName":"search_term_string"}}],"inLanguage":"fr-FR"}]}},"_links":{"self":[{"href":"https:\/\/psychologiedelasante.fr\/index.php\/wp-json\/wp\/v2\/pages\/1683","targetHints":{"allow":["GET"]}}],"collection":[{"href":"https:\/\/psychologiedelasante.fr\/index.php\/wp-json\/wp\/v2\/pages"}],"about":[{"href":"https:\/\/psychologiedelasante.fr\/index.php\/wp-json\/wp\/v2\/types\/page"}],"author":[{"embeddable":true,"href":"https:\/\/psychologiedelasante.fr\/index.php\/wp-json\/wp\/v2\/users\/1"}],"replies":[{"embeddable":true,"href":"https:\/\/psychologiedelasante.fr\/index.php\/wp-json\/wp\/v2\/comments?post=1683"}],"version-history":[{"count":4,"href":"https:\/\/psychologiedelasante.fr\/index.php\/wp-json\/wp\/v2\/pages\/1683\/revisions"}],"predecessor-version":[{"id":1732,"href":"https:\/\/psychologiedelasante.fr\/index.php\/wp-json\/wp\/v2\/pages\/1683\/revisions\/1732"}],"wp:attachment":[{"href":"https:\/\/psychologiedelasante.fr\/index.php\/wp-json\/wp\/v2\/media?parent=1683"}],"curies":[{"name":"wp","href":"https:\/\/api.w.org\/{rel}","templated":true}]}}