{"id":1686,"date":"2026-01-28T19:15:13","date_gmt":"2026-01-28T18:15:13","guid":{"rendered":"https:\/\/psychologiedelasante.fr\/?page_id=1686"},"modified":"2026-01-28T22:28:34","modified_gmt":"2026-01-28T21:28:34","slug":"psychologie-de-la-sante","status":"publish","type":"page","link":"https:\/\/psychologiedelasante.fr\/index.php\/psychologie-de-la-sante\/","title":{"rendered":"Psychologie de la sant\u00e9"},"content":{"rendered":"<div id=\"pl-1686\"  class=\"panel-layout\" ><div id=\"pg-1686-0\"  class=\"panel-grid panel-no-style\" ><div id=\"pgc-1686-0-0\"  class=\"panel-grid-cell\" ><div id=\"panel-1686-0-0-0\" class=\"so-panel widget widget_sow-editor panel-first-child\" data-index=\"0\" ><div\n\t\t\t\n\t\t\tclass=\"so-widget-sow-editor so-widget-sow-editor-base\"\n\t\t\t\n\t\t>\n<div class=\"siteorigin-widget-tinymce textwidget\">\n\t<p align=\"justify\">La psychologie de la sant\u00e9 est une des disciplines de la psychologie, dont elle utilise les concepts, appliqu\u00e9s au domaine de la sant\u00e9.<\/p>\n<p align=\"justify\">Relativement r\u00e9cente -apparition aux \u00c9tats-Unis en 1976, th\u00e9orisation dans les ann\u00e9es 1980-, elle \u00e9tudie les facteurs psychologiques, \u00e9motionnels et sociaux qui interviennent dans les comportements de sant\u00e9 et qui peuvent avoir un r\u00f4le dans le d\u00e9clenchement et l'\u00e9volution des maladies. Elle consid\u00e8re en effet que la maladie r\u00e9sulte au moins en partie de causes bio-psycho-sociales <i>(relation corps-esprit-environnement)<\/i>.<\/p>\n<p align=\"justify\">En consid\u00e9rant les dimensions sociales, psychologiques et biologiques de l'\u00eatre humain, la psychologie de la sant\u00e9 accompagne l'individu dans une d\u00e9marche d'actualisation de ses ressources psychiques personnelles\u00a0; mais aussi, de mise en place de strat\u00e9gies efficaces et de comportements pr\u00e9ventifs face \u00e0 la maladie, au stress et \u00e0 toute autre situation douloureuse. Elle soutient ainsi le processus d'adaptation \u00e0 la maladie ou au handicap, facilite l'observance th\u00e9rapeutique, encourage \u00e0 r\u00e9duire les comportements et attitudes qui favorisent le maintien d'une symptomatologie nocive, intervient sur les r\u00e9actions d'angoisse voire de d\u00e9pression qui peuvent survenir. Elle propose des m\u00e9thodes et des solutions th\u00e9rapeutiques pouvant impliquer des changements de comportements en mati\u00e8re de sant\u00e9 pour un meilleur bien-\u00eatre et une qualit\u00e9 de vie am\u00e9lior\u00e9e, notamment dans la gestion de la douleur, du stress ou de l'anxi\u00e9t\u00e9.<\/p>\n<p align=\"justify\"><b>Pour aller plus loin\u00a0:<\/b><\/p>\n<p align=\"justify\"><a href=\"https:\/\/afpsa.fr\">Association Francophone de Psychologie de la Sant\u00e9<\/a> : cr\u00e9\u00e9 en 2001, elle participe au d\u00e9veloppement et \u00e0 la valorisation de la psychologie de la sant\u00e9 en France.<\/p>\n<p align=\"justify\"><b>Bibliographie\u00a0: <\/b><\/p>\n<p>Psychologie de la sant\u00e9 : Concepts, m\u00e9thodes et mod\u00e8les.<br \/>\nMarilou Bruchon-Schweitzer et \u00c9milie Boujut, 2021. Dunod.<\/p>\n<\/div>\n<\/div><\/div><div id=\"panel-1686-0-0-1\" class=\"so-panel widget widget_lawyer_zone_contact panel-last-child\" data-index=\"1\" >            <section id=\"contact\" class=\"at-widgets acme-contact \">\r\n                <div class=\"contact-form\">\r\n                    <div class=\"container\">\r\n                        <div class=\"row\">\r\n                            <div class='at-widget-title-wrapper'><h3 class=\"widget-title\">Formulaire de contact<\/h3><\/div>                            <div class=\"col-md-12 init-animate zoomIn\">\r\n                                \n<div class=\"wpcf7 no-js\" id=\"wpcf7-f97-o1\" lang=\"fr-FR\" dir=\"ltr\" data-wpcf7-id=\"97\">\n<div class=\"screen-reader-response\"><p role=\"status\" aria-live=\"polite\" aria-atomic=\"true\"><\/p> <ul><\/ul><\/div>\n<form action=\"\/index.php\/wp-json\/wp\/v2\/pages\/1686#wpcf7-f97-o1\" method=\"post\" class=\"wpcf7-form init\" aria-label=\"Formulaire de contact\" novalidate=\"novalidate\" data-status=\"init\">\n<fieldset class=\"hidden-fields-container\"><input type=\"hidden\" name=\"_wpcf7\" value=\"97\" \/><input type=\"hidden\" name=\"_wpcf7_version\" value=\"6.1.4\" \/><input type=\"hidden\" name=\"_wpcf7_locale\" value=\"fr_FR\" \/><input type=\"hidden\" name=\"_wpcf7_unit_tag\" value=\"wpcf7-f97-o1\" \/><input type=\"hidden\" name=\"_wpcf7_container_post\" value=\"0\" \/><input type=\"hidden\" name=\"_wpcf7_posted_data_hash\" value=\"\" \/><input type=\"hidden\" name=\"_wpcf7_recaptcha_response\" value=\"\" \/>\n<\/fieldset>\n<p><label> Votre nom (obligatoire)<br \/>\n<span class=\"wpcf7-form-control-wrap\" data-name=\"your-name\"><input size=\"40\" maxlength=\"400\" class=\"wpcf7-form-control wpcf7-text wpcf7-validates-as-required\" aria-required=\"true\" aria-invalid=\"false\" value=\"\" type=\"text\" name=\"your-name\" \/><\/span> <\/label>\n<\/p>\n<p><label> Votre adresse de messagerie (obligatoire)<br \/>\n<span class=\"wpcf7-form-control-wrap\" data-name=\"your-email\"><input size=\"40\" maxlength=\"400\" class=\"wpcf7-form-control wpcf7-email wpcf7-validates-as-required wpcf7-text wpcf7-validates-as-email\" aria-required=\"true\" aria-invalid=\"false\" value=\"\" type=\"email\" name=\"your-email\" \/><\/span> <\/label>\n<\/p>\n<p><label> Objet<br \/>\n<span class=\"wpcf7-form-control-wrap\" data-name=\"your-subject\"><input size=\"40\" maxlength=\"400\" class=\"wpcf7-form-control wpcf7-text\" aria-invalid=\"false\" value=\"\" type=\"text\" name=\"your-subject\" \/><\/span> <\/label>\n<\/p>\n<p><label> Votre message<br \/>\n<span class=\"wpcf7-form-control-wrap\" data-name=\"your-message\"><textarea cols=\"40\" rows=\"10\" maxlength=\"2000\" class=\"wpcf7-form-control wpcf7-textarea\" aria-invalid=\"false\" name=\"your-message\"><\/textarea><\/span> <\/label>\n<\/p>\n<p><span class=\"wpcf7-form-control-wrap\" data-name=\"acceptance-432\"><span class=\"wpcf7-form-control wpcf7-acceptance\"><span class=\"wpcf7-list-item\"><label><input type=\"checkbox\" name=\"acceptance-432\" value=\"1\" aria-invalid=\"false\" \/><span class=\"wpcf7-list-item-label\">En accord avec la RGPD, en soumettant ce formulaire, j'accepte que les informations saisies dans celui-ci soient utilis\u00e9es pour permettre de me recontacter dans le cadre d'une demande d'informations ou l'\u00e9laboration d'un devis. (Obligatoire)<\/span><\/label><\/span><\/span><\/span>\n<\/p>\n<p><input class=\"wpcf7-form-control wpcf7-submit has-spinner\" type=\"submit\" value=\"Envoyer\" \/>\n<\/p><div class=\"wpcf7-response-output\" aria-hidden=\"true\"><\/div>\n<\/form>\n<\/div>\n                            <\/div>\r\n\r\n                        <\/div>\r\n                    <\/div>\r\n                <\/div>\r\n            <\/section>\r\n            <\/div><\/div><\/div><\/div>","protected":false},"excerpt":{"rendered":"<p>La psychologie de la sant\u00e9 est une des disciplines de la psychologie, dont elle utilise les concepts, appliqu\u00e9s au domaine de la sant\u00e9. Relativement r\u00e9cente -apparition aux \u00c9tats-Unis en 1976, th\u00e9orisation dans les ann\u00e9es 1980-, elle \u00e9tudie les facteurs psychologiques, \u00e9motionnels et sociaux qui interviennent dans les comportements de sant\u00e9 et qui peuvent avoir un [&hellip;]<\/p>\n","protected":false},"author":1,"featured_media":0,"parent":0,"menu_order":0,"comment_status":"closed","ping_status":"closed","template":"","meta":{"footnotes":""},"class_list":["post-1686","page","type-page","status-publish","hentry"],"yoast_head":"<!-- This site is optimized with the Yoast SEO plugin v26.9 - https:\/\/yoast.com\/product\/yoast-seo-wordpress\/ -->\n<title>Psychologie de la sant\u00e9 | Amandine BONNET | Psychologue, Psychoth\u00e9rapeute | Montpellier<\/title>\n<meta name=\"description\" content=\"Amandine BONNET, Psychologue de la sant\u00e9, Psychoth\u00e9rapeute, Consultante Pr\u00e9vention Sant\u00e9, Th\u00e9rapies de pleine conscience, Montpellier, France\" \/>\n<meta name=\"robots\" content=\"index, follow, max-snippet:-1, max-image-preview:large, max-video-preview:-1\" \/>\n<link rel=\"canonical\" href=\"https:\/\/psychologiedelasante.fr\/index.php\/psychologie-de-la-sante\/\" \/>\n<meta property=\"og:locale\" content=\"fr_FR\" \/>\n<meta property=\"og:type\" content=\"article\" \/>\n<meta property=\"og:title\" content=\"Psychologie de la sant\u00e9 | Amandine BONNET | Psychologue, Psychoth\u00e9rapeute | Montpellier\" \/>\n<meta property=\"og:description\" content=\"Amandine BONNET, Psychologue de la sant\u00e9, Psychoth\u00e9rapeute, Consultante Pr\u00e9vention Sant\u00e9, Th\u00e9rapies de pleine conscience, Montpellier, France\" \/>\n<meta property=\"og:url\" content=\"https:\/\/psychologiedelasante.fr\/index.php\/psychologie-de-la-sante\/\" \/>\n<meta property=\"og:site_name\" content=\"Amandine BONNET | Psychologue, Psychoth\u00e9rapeute | Montpellier\" \/>\n<meta property=\"article:modified_time\" content=\"2026-01-28T21:28:34+00:00\" \/>\n<meta name=\"twitter:card\" content=\"summary_large_image\" \/>\n<meta name=\"twitter:label1\" content=\"Dur\u00e9e de lecture estim\u00e9e\" \/>\n\t<meta name=\"twitter:data1\" content=\"2 minutes\" \/>\n<script type=\"application\/ld+json\" class=\"yoast-schema-graph\">{\"@context\":\"https:\/\/schema.org\",\"@graph\":[{\"@type\":\"WebPage\",\"@id\":\"https:\/\/psychologiedelasante.fr\/index.php\/psychologie-de-la-sante\/\",\"url\":\"https:\/\/psychologiedelasante.fr\/index.php\/psychologie-de-la-sante\/\",\"name\":\"Psychologie de la sant\u00e9 | Amandine BONNET | Psychologue, Psychoth\u00e9rapeute | Montpellier\",\"isPartOf\":{\"@id\":\"https:\/\/psychologiedelasante.fr\/#website\"},\"datePublished\":\"2026-01-28T18:15:13+00:00\",\"dateModified\":\"2026-01-28T21:28:34+00:00\",\"description\":\"Amandine BONNET, Psychologue de la sant\u00e9, Psychoth\u00e9rapeute, Consultante Pr\u00e9vention Sant\u00e9, Th\u00e9rapies de pleine conscience, Montpellier, France\",\"breadcrumb\":{\"@id\":\"https:\/\/psychologiedelasante.fr\/index.php\/psychologie-de-la-sante\/#breadcrumb\"},\"inLanguage\":\"fr-FR\",\"potentialAction\":[{\"@type\":\"ReadAction\",\"target\":[\"https:\/\/psychologiedelasante.fr\/index.php\/psychologie-de-la-sante\/\"]}]},{\"@type\":\"BreadcrumbList\",\"@id\":\"https:\/\/psychologiedelasante.fr\/index.php\/psychologie-de-la-sante\/#breadcrumb\",\"itemListElement\":[{\"@type\":\"ListItem\",\"position\":1,\"name\":\"Accueil\",\"item\":\"https:\/\/psychologiedelasante.fr\/\"},{\"@type\":\"ListItem\",\"position\":2,\"name\":\"Psychologie de la sant\u00e9\"}]},{\"@type\":\"WebSite\",\"@id\":\"https:\/\/psychologiedelasante.fr\/#website\",\"url\":\"https:\/\/psychologiedelasante.fr\/\",\"name\":\"Amandine BONNET, Psychologue, Psychoth\u00e9rapeute, Formatrice\",\"description\":\"\",\"potentialAction\":[{\"@type\":\"SearchAction\",\"target\":{\"@type\":\"EntryPoint\",\"urlTemplate\":\"https:\/\/psychologiedelasante.fr\/?s={search_term_string}\"},\"query-input\":{\"@type\":\"PropertyValueSpecification\",\"valueRequired\":true,\"valueName\":\"search_term_string\"}}],\"inLanguage\":\"fr-FR\"}]}<\/script>\n<!-- \/ Yoast SEO plugin. -->","yoast_head_json":{"title":"Psychologie de la sant\u00e9 | Amandine BONNET | Psychologue, Psychoth\u00e9rapeute | Montpellier","description":"Amandine BONNET, Psychologue de la sant\u00e9, Psychoth\u00e9rapeute, Consultante Pr\u00e9vention Sant\u00e9, Th\u00e9rapies de pleine conscience, Montpellier, France","robots":{"index":"index","follow":"follow","max-snippet":"max-snippet:-1","max-image-preview":"max-image-preview:large","max-video-preview":"max-video-preview:-1"},"canonical":"https:\/\/psychologiedelasante.fr\/index.php\/psychologie-de-la-sante\/","og_locale":"fr_FR","og_type":"article","og_title":"Psychologie de la sant\u00e9 | Amandine BONNET | Psychologue, Psychoth\u00e9rapeute | Montpellier","og_description":"Amandine BONNET, Psychologue de la sant\u00e9, Psychoth\u00e9rapeute, Consultante Pr\u00e9vention Sant\u00e9, Th\u00e9rapies de pleine conscience, Montpellier, France","og_url":"https:\/\/psychologiedelasante.fr\/index.php\/psychologie-de-la-sante\/","og_site_name":"Amandine BONNET | Psychologue, Psychoth\u00e9rapeute | Montpellier","article_modified_time":"2026-01-28T21:28:34+00:00","twitter_card":"summary_large_image","twitter_misc":{"Dur\u00e9e de lecture estim\u00e9e":"2 minutes"},"schema":{"@context":"https:\/\/schema.org","@graph":[{"@type":"WebPage","@id":"https:\/\/psychologiedelasante.fr\/index.php\/psychologie-de-la-sante\/","url":"https:\/\/psychologiedelasante.fr\/index.php\/psychologie-de-la-sante\/","name":"Psychologie de la sant\u00e9 | Amandine BONNET | Psychologue, Psychoth\u00e9rapeute | Montpellier","isPartOf":{"@id":"https:\/\/psychologiedelasante.fr\/#website"},"datePublished":"2026-01-28T18:15:13+00:00","dateModified":"2026-01-28T21:28:34+00:00","description":"Amandine BONNET, Psychologue de la sant\u00e9, Psychoth\u00e9rapeute, Consultante Pr\u00e9vention Sant\u00e9, Th\u00e9rapies de pleine conscience, Montpellier, France","breadcrumb":{"@id":"https:\/\/psychologiedelasante.fr\/index.php\/psychologie-de-la-sante\/#breadcrumb"},"inLanguage":"fr-FR","potentialAction":[{"@type":"ReadAction","target":["https:\/\/psychologiedelasante.fr\/index.php\/psychologie-de-la-sante\/"]}]},{"@type":"BreadcrumbList","@id":"https:\/\/psychologiedelasante.fr\/index.php\/psychologie-de-la-sante\/#breadcrumb","itemListElement":[{"@type":"ListItem","position":1,"name":"Accueil","item":"https:\/\/psychologiedelasante.fr\/"},{"@type":"ListItem","position":2,"name":"Psychologie de la sant\u00e9"}]},{"@type":"WebSite","@id":"https:\/\/psychologiedelasante.fr\/#website","url":"https:\/\/psychologiedelasante.fr\/","name":"Amandine BONNET, Psychologue, Psychoth\u00e9rapeute, Formatrice","description":"","potentialAction":[{"@type":"SearchAction","target":{"@type":"EntryPoint","urlTemplate":"https:\/\/psychologiedelasante.fr\/?s={search_term_string}"},"query-input":{"@type":"PropertyValueSpecification","valueRequired":true,"valueName":"search_term_string"}}],"inLanguage":"fr-FR"}]}},"_links":{"self":[{"href":"https:\/\/psychologiedelasante.fr\/index.php\/wp-json\/wp\/v2\/pages\/1686","targetHints":{"allow":["GET"]}}],"collection":[{"href":"https:\/\/psychologiedelasante.fr\/index.php\/wp-json\/wp\/v2\/pages"}],"about":[{"href":"https:\/\/psychologiedelasante.fr\/index.php\/wp-json\/wp\/v2\/types\/page"}],"author":[{"embeddable":true,"href":"https:\/\/psychologiedelasante.fr\/index.php\/wp-json\/wp\/v2\/users\/1"}],"replies":[{"embeddable":true,"href":"https:\/\/psychologiedelasante.fr\/index.php\/wp-json\/wp\/v2\/comments?post=1686"}],"version-history":[{"count":3,"href":"https:\/\/psychologiedelasante.fr\/index.php\/wp-json\/wp\/v2\/pages\/1686\/revisions"}],"predecessor-version":[{"id":1740,"href":"https:\/\/psychologiedelasante.fr\/index.php\/wp-json\/wp\/v2\/pages\/1686\/revisions\/1740"}],"wp:attachment":[{"href":"https:\/\/psychologiedelasante.fr\/index.php\/wp-json\/wp\/v2\/media?parent=1686"}],"curies":[{"name":"wp","href":"https:\/\/api.w.org\/{rel}","templated":true}]}}