{"id":1688,"date":"2026-01-28T19:16:45","date_gmt":"2026-01-28T18:16:45","guid":{"rendered":"https:\/\/psychologiedelasante.fr\/?page_id=1688"},"modified":"2026-02-09T20:02:19","modified_gmt":"2026-02-09T19:02:19","slug":"therapies-de-pleine-conscience","status":"publish","type":"page","link":"https:\/\/psychologiedelasante.fr\/index.php\/therapies-de-pleine-conscience\/","title":{"rendered":"Th\u00e9rapies de Pleine Conscience"},"content":{"rendered":"<div id=\"pl-1688\"  class=\"panel-layout\" ><div id=\"pg-1688-0\"  class=\"panel-grid panel-no-style\" ><div id=\"pgc-1688-0-0\"  class=\"panel-grid-cell\" ><div id=\"panel-1688-0-0-0\" class=\"so-panel widget widget_sow-editor panel-first-child\" data-index=\"0\" ><div\n\t\t\t\n\t\t\tclass=\"so-widget-sow-editor so-widget-sow-editor-base\"\n\t\t\t\n\t\t>\n<div class=\"siteorigin-widget-tinymce textwidget\">\n\t<p align=\"justify\">Les th\u00e9rapies bas\u00e9es sur la Pleine Conscience reposent sur une notion et une approche sp\u00e9cifiques\u00a0:<\/p>\n<p align=\"justify\">- la notion d\u2019<strong>acceptation<\/strong>\u00a0: elle permet d\u2019observer et ainsi de reconna\u00eetre son exp\u00e9rience int\u00e9rieure par l\u2019interm\u00e9diaire des pens\u00e9es, des \u00e9motions et des sensations physiques. Cette posture d\u2019observateur est impartiale, bienveillante et non-jugeante. Elle accueille tous les ph\u00e9nom\u00e8nes et permet d\u2019observer les r\u00e9actions d\u2019\u00e9vitement, d\u2019attraction ou d\u2019aversion ainsi que tous les liens entre les diff\u00e9rents ph\u00e9nom\u00e8nes (comment une pens\u00e9e entra\u00eene une \u00e9motion, comment une sensation physique am\u00e8ne un flot de pens\u00e9es et une vague d\u2019\u00e9motion\u2026)<\/p>\n<p align=\"justify\">- la <strong>Pleine Conscience<\/strong>\u00a0: l\u2019apprentissage, le d\u00e9veloppement et l\u2019entra\u00eenement \u00e0 la pleine conscience nous font adopter une posture m\u00e9ta-cognitive, permettant d\u2019identifier nos automatismes, nos sch\u00e9mas mentaux et nos conditionnements d\u00e9l\u00e9t\u00e8res <i>(provenant de l\u2019\u00e9ducation, de la culture, de l\u2019\u00e9poque\u2026)<\/i> afin de se d\u00e9sengager de ceux qui ne sont plus \u00e0 notre service.<\/p>\n<p align=\"justify\">Les th\u00e9rapies de Pleine Conscience permettent de retrouver plus d\u2019autonomie et de libert\u00e9.<\/p>\n<p align=\"justify\">Elles sont aujourd\u2019hui rang\u00e9es pour la plupart dans la cat\u00e9gorie des approches bas\u00e9es sur les TCC (th\u00e9rapies cognitivo-comportementales) dite de 3ieme vague\u00a0:<\/p>\n<p align=\"justify\">- 3<sup>i\u00e8me<\/sup> vague (1990 \u00e0 nos jours)\u00a0: acceptation du v\u00e9cu et pleine conscience.<\/p>\n<p align=\"justify\">- 2<sup>i\u00e8me<\/sup> vague (1980 \u00e0 1990)\u00a0: orientation cognitive. On cherche \u00e0 remplacer une pens\u00e9e jug\u00e9e dysfonctionnelle par une pens\u00e9e plus fonctionnelle.<\/p>\n<p align=\"justify\">- 1<sup>i\u00e8re<\/sup> vague (1960 \u00e0 1980)\u00a0: orientation comportementale. On cherche \u00e0 remplacer un comportement jug\u00e9 dysfonctionnel par un comportement plus fonctionnel.<\/p>\n<p align=\"justify\">Je vous accompagne avec les pratiques et les outils issus des programmes <a href=\"https:\/\/psychologiedelasante.fr\/index.php\/mbsr-montpellier\/\">MBSR<\/a>, <a href=\"https:\/\/psychologiedelasante.fr\/index.php\/mbct-montpellier\/\">MBCT<\/a> et <a href=\"https:\/\/psychologiedelasante.fr\/index.php\/mbcl-compassion-autocompassion\/\">MBCL<\/a> et de la th\u00e9rapie ACT.<\/p>\n<p align=\"justify\"><b>Pour aller plus loin\u00a0:<\/b><\/p>\n<p align=\"justify\">L\u2019association pour le d\u00e9veloppement de la Mindfulness (<a href=\"https:\/\/www.association-mindfulness.org\/\">ADM<\/a>)<a href=\"https:\/\/www.association-mindfulness.org\/\" name=\"ADM\"><\/a><\/p>\n<p align=\"justify\"><b>Autres articles sur le site :<\/b><\/p>\n<p align=\"justify\">* <a href=\"https:\/\/psychologiedelasante.fr\/index.php\/mbsr-montpellier\/\">MBSR : apprivoiser le stress et l'anxi\u00e9t\u00e9<\/a><\/p>\n<p align=\"justify\">*<a href=\"https:\/\/psychologiedelasante.fr\/index.php\/mbct-montpellier\/\"> MBCT : \u00e9viter les rechutes d\u00e9pressives<\/a><\/p>\n<p align=\"justify\">* <a href=\"https:\/\/psychologiedelasante.fr\/index.php\/mbcl-compassion-autocompassion\/\">MBCL : vivre avec compassion sur la base de la pleine conscience<\/a><\/p>\n<\/div>\n<\/div><\/div><div id=\"panel-1688-0-0-1\" class=\"so-panel widget widget_lawyer_zone_contact panel-last-child\" data-index=\"1\" >            <section id=\"contact\" class=\"at-widgets acme-contact \">\r\n                <div class=\"contact-form\">\r\n                    <div class=\"container\">\r\n                        <div class=\"row\">\r\n                            <div class='at-widget-title-wrapper'><h3 class=\"widget-title\">Formulaire de contact<\/h3><\/div>                            <div class=\"col-md-12 init-animate zoomIn\">\r\n                                \n<div class=\"wpcf7 no-js\" id=\"wpcf7-f97-o1\" lang=\"fr-FR\" dir=\"ltr\" data-wpcf7-id=\"97\">\n<div class=\"screen-reader-response\"><p role=\"status\" aria-live=\"polite\" aria-atomic=\"true\"><\/p> <ul><\/ul><\/div>\n<form action=\"\/index.php\/wp-json\/wp\/v2\/pages\/1688#wpcf7-f97-o1\" method=\"post\" class=\"wpcf7-form init\" aria-label=\"Formulaire de contact\" novalidate=\"novalidate\" data-status=\"init\">\n<fieldset class=\"hidden-fields-container\"><input type=\"hidden\" name=\"_wpcf7\" value=\"97\" \/><input type=\"hidden\" name=\"_wpcf7_version\" value=\"6.1.4\" \/><input type=\"hidden\" name=\"_wpcf7_locale\" value=\"fr_FR\" \/><input type=\"hidden\" name=\"_wpcf7_unit_tag\" value=\"wpcf7-f97-o1\" \/><input type=\"hidden\" name=\"_wpcf7_container_post\" value=\"0\" \/><input type=\"hidden\" name=\"_wpcf7_posted_data_hash\" value=\"\" \/><input type=\"hidden\" name=\"_wpcf7_recaptcha_response\" value=\"\" \/>\n<\/fieldset>\n<p><label> Votre nom (obligatoire)<br \/>\n<span class=\"wpcf7-form-control-wrap\" data-name=\"your-name\"><input size=\"40\" maxlength=\"400\" class=\"wpcf7-form-control wpcf7-text wpcf7-validates-as-required\" aria-required=\"true\" aria-invalid=\"false\" value=\"\" type=\"text\" name=\"your-name\" \/><\/span> <\/label>\n<\/p>\n<p><label> Votre adresse de messagerie (obligatoire)<br \/>\n<span class=\"wpcf7-form-control-wrap\" data-name=\"your-email\"><input size=\"40\" maxlength=\"400\" class=\"wpcf7-form-control wpcf7-email wpcf7-validates-as-required wpcf7-text wpcf7-validates-as-email\" aria-required=\"true\" aria-invalid=\"false\" value=\"\" type=\"email\" name=\"your-email\" \/><\/span> <\/label>\n<\/p>\n<p><label> Objet<br \/>\n<span class=\"wpcf7-form-control-wrap\" data-name=\"your-subject\"><input size=\"40\" maxlength=\"400\" class=\"wpcf7-form-control wpcf7-text\" aria-invalid=\"false\" value=\"\" type=\"text\" name=\"your-subject\" \/><\/span> <\/label>\n<\/p>\n<p><label> Votre message<br \/>\n<span class=\"wpcf7-form-control-wrap\" data-name=\"your-message\"><textarea cols=\"40\" rows=\"10\" maxlength=\"2000\" class=\"wpcf7-form-control wpcf7-textarea\" aria-invalid=\"false\" name=\"your-message\"><\/textarea><\/span> <\/label>\n<\/p>\n<p><span class=\"wpcf7-form-control-wrap\" data-name=\"acceptance-432\"><span class=\"wpcf7-form-control wpcf7-acceptance\"><span class=\"wpcf7-list-item\"><label><input type=\"checkbox\" name=\"acceptance-432\" value=\"1\" aria-invalid=\"false\" \/><span class=\"wpcf7-list-item-label\">En accord avec la RGPD, en soumettant ce formulaire, j'accepte que les informations saisies dans celui-ci soient utilis\u00e9es pour permettre de me recontacter dans le cadre d'une demande d'informations ou l'\u00e9laboration d'un devis. (Obligatoire)<\/span><\/label><\/span><\/span><\/span>\n<\/p>\n<p><input class=\"wpcf7-form-control wpcf7-submit has-spinner\" type=\"submit\" value=\"Envoyer\" \/>\n<\/p><div class=\"wpcf7-response-output\" aria-hidden=\"true\"><\/div>\n<\/form>\n<\/div>\n                            <\/div>\r\n\r\n                        <\/div>\r\n                    <\/div>\r\n                <\/div>\r\n            <\/section>\r\n            <\/div><\/div><\/div><\/div>","protected":false},"excerpt":{"rendered":"<p>Les th\u00e9rapies bas\u00e9es sur la Pleine Conscience reposent sur une notion et une approche sp\u00e9cifiques\u00a0: &#8211; la notion d\u2019acceptation\u00a0: elle permet d\u2019observer et ainsi de reconna\u00eetre son exp\u00e9rience int\u00e9rieure par l\u2019interm\u00e9diaire des pens\u00e9es, des \u00e9motions et des sensations physiques. Cette posture d\u2019observateur est impartiale, bienveillante et non-jugeante. Elle accueille tous les ph\u00e9nom\u00e8nes et permet d\u2019observer [&hellip;]<\/p>\n","protected":false},"author":1,"featured_media":1822,"parent":0,"menu_order":0,"comment_status":"closed","ping_status":"closed","template":"","meta":{"footnotes":""},"class_list":["post-1688","page","type-page","status-publish","has-post-thumbnail","hentry"],"yoast_head":"<!-- This site is optimized with the Yoast SEO plugin v26.9 - https:\/\/yoast.com\/product\/yoast-seo-wordpress\/ -->\n<title>Th\u00e9rapies de Pleine Conscience | Amandine BONNET | Psychologue, Psychoth\u00e9rapeute | Montpellier<\/title>\n<meta name=\"description\" content=\"Amandine BONNET, Psychologue de la sant\u00e9, Psychoth\u00e9rapeute, Consultante Pr\u00e9vention Sant\u00e9, Th\u00e9rapies de pleine conscience, Montpellier, France\" \/>\n<meta name=\"robots\" content=\"index, follow, max-snippet:-1, max-image-preview:large, max-video-preview:-1\" \/>\n<link rel=\"canonical\" href=\"https:\/\/psychologiedelasante.fr\/index.php\/therapies-de-pleine-conscience\/\" \/>\n<meta property=\"og:locale\" content=\"fr_FR\" \/>\n<meta property=\"og:type\" content=\"article\" \/>\n<meta property=\"og:title\" content=\"Th\u00e9rapies de Pleine Conscience | Amandine BONNET | Psychologue, Psychoth\u00e9rapeute | Montpellier\" \/>\n<meta property=\"og:description\" content=\"Amandine BONNET, Psychologue de la sant\u00e9, Psychoth\u00e9rapeute, Consultante Pr\u00e9vention Sant\u00e9, Th\u00e9rapies de pleine conscience, Montpellier, France\" \/>\n<meta property=\"og:url\" content=\"https:\/\/psychologiedelasante.fr\/index.php\/therapies-de-pleine-conscience\/\" \/>\n<meta property=\"og:site_name\" content=\"Amandine BONNET | Psychologue, Psychoth\u00e9rapeute | Montpellier\" \/>\n<meta property=\"article:modified_time\" content=\"2026-02-09T19:02:19+00:00\" \/>\n<meta property=\"og:image\" content=\"https:\/\/psychologiedelasante.fr\/wp-content\/uploads\/2026\/02\/Therapies-de-pleine-conscience-1.jpg\" \/>\n\t<meta property=\"og:image:width\" content=\"2000\" \/>\n\t<meta property=\"og:image:height\" content=\"2000\" \/>\n\t<meta property=\"og:image:type\" content=\"image\/jpeg\" \/>\n<meta name=\"twitter:card\" content=\"summary_large_image\" \/>\n<meta name=\"twitter:label1\" content=\"Dur\u00e9e de lecture estim\u00e9e\" \/>\n\t<meta name=\"twitter:data1\" content=\"2 minutes\" \/>\n<script type=\"application\/ld+json\" class=\"yoast-schema-graph\">{\"@context\":\"https:\/\/schema.org\",\"@graph\":[{\"@type\":\"WebPage\",\"@id\":\"https:\/\/psychologiedelasante.fr\/index.php\/therapies-de-pleine-conscience\/\",\"url\":\"https:\/\/psychologiedelasante.fr\/index.php\/therapies-de-pleine-conscience\/\",\"name\":\"Th\u00e9rapies de Pleine Conscience | Amandine BONNET | Psychologue, Psychoth\u00e9rapeute | Montpellier\",\"isPartOf\":{\"@id\":\"https:\/\/psychologiedelasante.fr\/#website\"},\"primaryImageOfPage\":{\"@id\":\"https:\/\/psychologiedelasante.fr\/index.php\/therapies-de-pleine-conscience\/#primaryimage\"},\"image\":{\"@id\":\"https:\/\/psychologiedelasante.fr\/index.php\/therapies-de-pleine-conscience\/#primaryimage\"},\"thumbnailUrl\":\"https:\/\/psychologiedelasante.fr\/wp-content\/uploads\/2026\/02\/Therapies-de-pleine-conscience-1.jpg\",\"datePublished\":\"2026-01-28T18:16:45+00:00\",\"dateModified\":\"2026-02-09T19:02:19+00:00\",\"description\":\"Amandine BONNET, Psychologue de la sant\u00e9, Psychoth\u00e9rapeute, Consultante Pr\u00e9vention Sant\u00e9, Th\u00e9rapies de pleine conscience, Montpellier, France\",\"breadcrumb\":{\"@id\":\"https:\/\/psychologiedelasante.fr\/index.php\/therapies-de-pleine-conscience\/#breadcrumb\"},\"inLanguage\":\"fr-FR\",\"potentialAction\":[{\"@type\":\"ReadAction\",\"target\":[\"https:\/\/psychologiedelasante.fr\/index.php\/therapies-de-pleine-conscience\/\"]}]},{\"@type\":\"ImageObject\",\"inLanguage\":\"fr-FR\",\"@id\":\"https:\/\/psychologiedelasante.fr\/index.php\/therapies-de-pleine-conscience\/#primaryimage\",\"url\":\"https:\/\/psychologiedelasante.fr\/wp-content\/uploads\/2026\/02\/Therapies-de-pleine-conscience-1.jpg\",\"contentUrl\":\"https:\/\/psychologiedelasante.fr\/wp-content\/uploads\/2026\/02\/Therapies-de-pleine-conscience-1.jpg\",\"width\":2000,\"height\":2000,\"caption\":\"Th\u00e9rapies de Pleine Conscience\"},{\"@type\":\"BreadcrumbList\",\"@id\":\"https:\/\/psychologiedelasante.fr\/index.php\/therapies-de-pleine-conscience\/#breadcrumb\",\"itemListElement\":[{\"@type\":\"ListItem\",\"position\":1,\"name\":\"Accueil\",\"item\":\"https:\/\/psychologiedelasante.fr\/\"},{\"@type\":\"ListItem\",\"position\":2,\"name\":\"Th\u00e9rapies de Pleine Conscience\"}]},{\"@type\":\"WebSite\",\"@id\":\"https:\/\/psychologiedelasante.fr\/#website\",\"url\":\"https:\/\/psychologiedelasante.fr\/\",\"name\":\"Amandine BONNET, Psychologue, Psychoth\u00e9rapeute, Formatrice\",\"description\":\"\",\"potentialAction\":[{\"@type\":\"SearchAction\",\"target\":{\"@type\":\"EntryPoint\",\"urlTemplate\":\"https:\/\/psychologiedelasante.fr\/?s={search_term_string}\"},\"query-input\":{\"@type\":\"PropertyValueSpecification\",\"valueRequired\":true,\"valueName\":\"search_term_string\"}}],\"inLanguage\":\"fr-FR\"}]}<\/script>\n<!-- \/ Yoast SEO plugin. -->","yoast_head_json":{"title":"Th\u00e9rapies de Pleine Conscience | Amandine BONNET | Psychologue, Psychoth\u00e9rapeute | Montpellier","description":"Amandine BONNET, Psychologue de la sant\u00e9, Psychoth\u00e9rapeute, Consultante Pr\u00e9vention Sant\u00e9, Th\u00e9rapies de pleine conscience, Montpellier, France","robots":{"index":"index","follow":"follow","max-snippet":"max-snippet:-1","max-image-preview":"max-image-preview:large","max-video-preview":"max-video-preview:-1"},"canonical":"https:\/\/psychologiedelasante.fr\/index.php\/therapies-de-pleine-conscience\/","og_locale":"fr_FR","og_type":"article","og_title":"Th\u00e9rapies de Pleine Conscience | Amandine BONNET | Psychologue, Psychoth\u00e9rapeute | Montpellier","og_description":"Amandine BONNET, Psychologue de la sant\u00e9, Psychoth\u00e9rapeute, Consultante Pr\u00e9vention Sant\u00e9, Th\u00e9rapies de pleine conscience, Montpellier, France","og_url":"https:\/\/psychologiedelasante.fr\/index.php\/therapies-de-pleine-conscience\/","og_site_name":"Amandine BONNET | Psychologue, Psychoth\u00e9rapeute | Montpellier","article_modified_time":"2026-02-09T19:02:19+00:00","og_image":[{"width":2000,"height":2000,"url":"https:\/\/psychologiedelasante.fr\/wp-content\/uploads\/2026\/02\/Therapies-de-pleine-conscience-1.jpg","type":"image\/jpeg"}],"twitter_card":"summary_large_image","twitter_misc":{"Dur\u00e9e de lecture estim\u00e9e":"2 minutes"},"schema":{"@context":"https:\/\/schema.org","@graph":[{"@type":"WebPage","@id":"https:\/\/psychologiedelasante.fr\/index.php\/therapies-de-pleine-conscience\/","url":"https:\/\/psychologiedelasante.fr\/index.php\/therapies-de-pleine-conscience\/","name":"Th\u00e9rapies de Pleine Conscience | Amandine BONNET | Psychologue, Psychoth\u00e9rapeute | Montpellier","isPartOf":{"@id":"https:\/\/psychologiedelasante.fr\/#website"},"primaryImageOfPage":{"@id":"https:\/\/psychologiedelasante.fr\/index.php\/therapies-de-pleine-conscience\/#primaryimage"},"image":{"@id":"https:\/\/psychologiedelasante.fr\/index.php\/therapies-de-pleine-conscience\/#primaryimage"},"thumbnailUrl":"https:\/\/psychologiedelasante.fr\/wp-content\/uploads\/2026\/02\/Therapies-de-pleine-conscience-1.jpg","datePublished":"2026-01-28T18:16:45+00:00","dateModified":"2026-02-09T19:02:19+00:00","description":"Amandine BONNET, Psychologue de la sant\u00e9, Psychoth\u00e9rapeute, Consultante Pr\u00e9vention Sant\u00e9, Th\u00e9rapies de pleine conscience, Montpellier, France","breadcrumb":{"@id":"https:\/\/psychologiedelasante.fr\/index.php\/therapies-de-pleine-conscience\/#breadcrumb"},"inLanguage":"fr-FR","potentialAction":[{"@type":"ReadAction","target":["https:\/\/psychologiedelasante.fr\/index.php\/therapies-de-pleine-conscience\/"]}]},{"@type":"ImageObject","inLanguage":"fr-FR","@id":"https:\/\/psychologiedelasante.fr\/index.php\/therapies-de-pleine-conscience\/#primaryimage","url":"https:\/\/psychologiedelasante.fr\/wp-content\/uploads\/2026\/02\/Therapies-de-pleine-conscience-1.jpg","contentUrl":"https:\/\/psychologiedelasante.fr\/wp-content\/uploads\/2026\/02\/Therapies-de-pleine-conscience-1.jpg","width":2000,"height":2000,"caption":"Th\u00e9rapies de Pleine Conscience"},{"@type":"BreadcrumbList","@id":"https:\/\/psychologiedelasante.fr\/index.php\/therapies-de-pleine-conscience\/#breadcrumb","itemListElement":[{"@type":"ListItem","position":1,"name":"Accueil","item":"https:\/\/psychologiedelasante.fr\/"},{"@type":"ListItem","position":2,"name":"Th\u00e9rapies de Pleine Conscience"}]},{"@type":"WebSite","@id":"https:\/\/psychologiedelasante.fr\/#website","url":"https:\/\/psychologiedelasante.fr\/","name":"Amandine BONNET, Psychologue, Psychoth\u00e9rapeute, Formatrice","description":"","potentialAction":[{"@type":"SearchAction","target":{"@type":"EntryPoint","urlTemplate":"https:\/\/psychologiedelasante.fr\/?s={search_term_string}"},"query-input":{"@type":"PropertyValueSpecification","valueRequired":true,"valueName":"search_term_string"}}],"inLanguage":"fr-FR"}]}},"_links":{"self":[{"href":"https:\/\/psychologiedelasante.fr\/index.php\/wp-json\/wp\/v2\/pages\/1688","targetHints":{"allow":["GET"]}}],"collection":[{"href":"https:\/\/psychologiedelasante.fr\/index.php\/wp-json\/wp\/v2\/pages"}],"about":[{"href":"https:\/\/psychologiedelasante.fr\/index.php\/wp-json\/wp\/v2\/types\/page"}],"author":[{"embeddable":true,"href":"https:\/\/psychologiedelasante.fr\/index.php\/wp-json\/wp\/v2\/users\/1"}],"replies":[{"embeddable":true,"href":"https:\/\/psychologiedelasante.fr\/index.php\/wp-json\/wp\/v2\/comments?post=1688"}],"version-history":[{"count":5,"href":"https:\/\/psychologiedelasante.fr\/index.php\/wp-json\/wp\/v2\/pages\/1688\/revisions"}],"predecessor-version":[{"id":1743,"href":"https:\/\/psychologiedelasante.fr\/index.php\/wp-json\/wp\/v2\/pages\/1688\/revisions\/1743"}],"wp:featuredmedia":[{"embeddable":true,"href":"https:\/\/psychologiedelasante.fr\/index.php\/wp-json\/wp\/v2\/media\/1822"}],"wp:attachment":[{"href":"https:\/\/psychologiedelasante.fr\/index.php\/wp-json\/wp\/v2\/media?parent=1688"}],"curies":[{"name":"wp","href":"https:\/\/api.w.org\/{rel}","templated":true}]}}