{"id":1692,"date":"2026-01-28T19:19:23","date_gmt":"2026-01-28T18:19:23","guid":{"rendered":"https:\/\/psychologiedelasante.fr\/?page_id=1692"},"modified":"2026-02-09T20:01:24","modified_gmt":"2026-02-09T19:01:24","slug":"therapie-basee-sur-les-parts-de-soi","status":"publish","type":"page","link":"https:\/\/psychologiedelasante.fr\/index.php\/therapie-basee-sur-les-parts-de-soi\/","title":{"rendered":"Th\u00e9rapies bas\u00e9es sur les parts de soi"},"content":{"rendered":"<div id=\"pl-1692\"  class=\"panel-layout\" ><div id=\"pg-1692-0\"  class=\"panel-grid panel-no-style\" ><div id=\"pgc-1692-0-0\"  class=\"panel-grid-cell\" ><div id=\"panel-1692-0-0-0\" class=\"so-panel widget widget_sow-editor panel-first-child\" data-index=\"0\" ><div\n\t\t\t\n\t\t\tclass=\"so-widget-sow-editor so-widget-sow-editor-base\"\n\t\t\t\n\t\t>\n<div class=\"siteorigin-widget-tinymce textwidget\">\n\t<p align=\"justify\">Dans cette approche th\u00e9rapeutique, le psychisme est vu comme un syst\u00e8me compos\u00e9 de plusieurs parties, appel\u00e9es les \"parts de soi\". Chaque part a son histoire, son ressenti, ses besoins, ses peurs... Elles peuvent correspondre \u00e0 des parts de soi enfant, adolescent, adulte... La plupart du temps, les parts de soi cohabitent harmonieusement ; parfois, elles entrent en conflit, tiraillant chacune de son c\u00f4t\u00e9, donnant la sensation d'\u00eatre perdu.e, l'esprit s'embrouille et les d\u00e9cisions ou les choix \u00e0 faire deviennent difficile. L\u2019intention de ces th\u00e9rapies est donc d'identifier les parts,\u00a0 d'entrer en lien avec elles et, ainsi,\u00a0 cr\u00e9er une relation apais\u00e9e avec l'ensemble du syst\u00e8me pour retrouver son \u00e9quilibre.<\/p>\n<p align=\"justify\">\n<p align=\"justify\">Page en construction<\/p>\n<\/div>\n<\/div><\/div><div id=\"panel-1692-0-0-1\" class=\"so-panel widget widget_lawyer_zone_contact panel-last-child\" data-index=\"1\" >            <section id=\"contact\" class=\"at-widgets acme-contact \">\r\n                <div class=\"contact-form\">\r\n                    <div class=\"container\">\r\n                        <div class=\"row\">\r\n                            <div class='at-widget-title-wrapper'><h3 class=\"widget-title\">Formulaire de contact<\/h3><\/div>                            <div class=\"col-md-12 init-animate zoomIn\">\r\n                                \n<div class=\"wpcf7 no-js\" id=\"wpcf7-f97-o1\" lang=\"fr-FR\" dir=\"ltr\" data-wpcf7-id=\"97\">\n<div class=\"screen-reader-response\"><p role=\"status\" aria-live=\"polite\" aria-atomic=\"true\"><\/p> <ul><\/ul><\/div>\n<form action=\"\/index.php\/wp-json\/wp\/v2\/pages\/1692#wpcf7-f97-o1\" method=\"post\" class=\"wpcf7-form init\" aria-label=\"Formulaire de contact\" novalidate=\"novalidate\" data-status=\"init\">\n<fieldset class=\"hidden-fields-container\"><input type=\"hidden\" name=\"_wpcf7\" value=\"97\" \/><input type=\"hidden\" name=\"_wpcf7_version\" value=\"6.1.4\" \/><input type=\"hidden\" name=\"_wpcf7_locale\" value=\"fr_FR\" \/><input type=\"hidden\" name=\"_wpcf7_unit_tag\" value=\"wpcf7-f97-o1\" \/><input type=\"hidden\" name=\"_wpcf7_container_post\" value=\"0\" \/><input type=\"hidden\" name=\"_wpcf7_posted_data_hash\" value=\"\" \/><input type=\"hidden\" name=\"_wpcf7_recaptcha_response\" value=\"\" \/>\n<\/fieldset>\n<p><label> Votre nom (obligatoire)<br \/>\n<span class=\"wpcf7-form-control-wrap\" data-name=\"your-name\"><input size=\"40\" maxlength=\"400\" class=\"wpcf7-form-control wpcf7-text wpcf7-validates-as-required\" aria-required=\"true\" aria-invalid=\"false\" value=\"\" type=\"text\" name=\"your-name\" \/><\/span> <\/label>\n<\/p>\n<p><label> Votre adresse de messagerie (obligatoire)<br \/>\n<span class=\"wpcf7-form-control-wrap\" data-name=\"your-email\"><input size=\"40\" maxlength=\"400\" class=\"wpcf7-form-control wpcf7-email wpcf7-validates-as-required wpcf7-text wpcf7-validates-as-email\" aria-required=\"true\" aria-invalid=\"false\" value=\"\" type=\"email\" name=\"your-email\" \/><\/span> <\/label>\n<\/p>\n<p><label> Objet<br \/>\n<span class=\"wpcf7-form-control-wrap\" data-name=\"your-subject\"><input size=\"40\" maxlength=\"400\" class=\"wpcf7-form-control wpcf7-text\" aria-invalid=\"false\" value=\"\" type=\"text\" name=\"your-subject\" \/><\/span> <\/label>\n<\/p>\n<p><label> Votre message<br \/>\n<span class=\"wpcf7-form-control-wrap\" data-name=\"your-message\"><textarea cols=\"40\" rows=\"10\" maxlength=\"2000\" class=\"wpcf7-form-control wpcf7-textarea\" aria-invalid=\"false\" name=\"your-message\"><\/textarea><\/span> <\/label>\n<\/p>\n<p><span class=\"wpcf7-form-control-wrap\" data-name=\"acceptance-432\"><span class=\"wpcf7-form-control wpcf7-acceptance\"><span class=\"wpcf7-list-item\"><label><input type=\"checkbox\" name=\"acceptance-432\" value=\"1\" aria-invalid=\"false\" \/><span class=\"wpcf7-list-item-label\">En accord avec la RGPD, en soumettant ce formulaire, j'accepte que les informations saisies dans celui-ci soient utilis\u00e9es pour permettre de me recontacter dans le cadre d'une demande d'informations ou l'\u00e9laboration d'un devis. (Obligatoire)<\/span><\/label><\/span><\/span><\/span>\n<\/p>\n<p><input class=\"wpcf7-form-control wpcf7-submit has-spinner\" type=\"submit\" value=\"Envoyer\" \/>\n<\/p><div class=\"wpcf7-response-output\" aria-hidden=\"true\"><\/div>\n<\/form>\n<\/div>\n                            <\/div>\r\n\r\n                        <\/div>\r\n                    <\/div>\r\n                <\/div>\r\n            <\/section>\r\n            <\/div><\/div><\/div><\/div>","protected":false},"excerpt":{"rendered":"<p>Dans cette approche th\u00e9rapeutique, le psychisme est vu comme un syst\u00e8me compos\u00e9 de plusieurs parties, appel\u00e9es les \u00ab\u00a0parts de soi\u00a0\u00bb. Chaque part a son histoire, son ressenti, ses besoins, ses peurs&#8230; Elles peuvent correspondre \u00e0 des parts de soi enfant, adolescent, adulte&#8230; La plupart du temps, les parts de soi cohabitent harmonieusement ; parfois, elles [&hellip;]<\/p>\n","protected":false},"author":1,"featured_media":1821,"parent":0,"menu_order":0,"comment_status":"closed","ping_status":"closed","template":"","meta":{"footnotes":""},"class_list":["post-1692","page","type-page","status-publish","has-post-thumbnail","hentry"],"yoast_head":"<!-- This site is optimized with the Yoast SEO plugin v26.9 - https:\/\/yoast.com\/product\/yoast-seo-wordpress\/ -->\n<title>Th\u00e9rapies bas\u00e9es sur les parts de soi | Amandine BONNET | Psychologue, Psychoth\u00e9rapeute | Montpellier<\/title>\n<meta name=\"description\" content=\"Amandine BONNET, Psychologue de la sant\u00e9, Psychoth\u00e9rapeute, Consultante Pr\u00e9vention Sant\u00e9, Th\u00e9rapies de pleine conscience, Montpellier, France\" \/>\n<meta name=\"robots\" content=\"index, follow, max-snippet:-1, max-image-preview:large, max-video-preview:-1\" \/>\n<link rel=\"canonical\" href=\"https:\/\/psychologiedelasante.fr\/index.php\/therapie-basee-sur-les-parts-de-soi\/\" \/>\n<meta property=\"og:locale\" content=\"fr_FR\" \/>\n<meta property=\"og:type\" content=\"article\" \/>\n<meta property=\"og:title\" content=\"Th\u00e9rapies bas\u00e9es sur les parts de soi | Amandine BONNET | Psychologue, Psychoth\u00e9rapeute | Montpellier\" \/>\n<meta property=\"og:description\" content=\"Amandine BONNET, Psychologue de la sant\u00e9, Psychoth\u00e9rapeute, Consultante Pr\u00e9vention Sant\u00e9, Th\u00e9rapies de pleine conscience, Montpellier, France\" \/>\n<meta property=\"og:url\" content=\"https:\/\/psychologiedelasante.fr\/index.php\/therapie-basee-sur-les-parts-de-soi\/\" \/>\n<meta property=\"og:site_name\" content=\"Amandine BONNET | Psychologue, Psychoth\u00e9rapeute | Montpellier\" \/>\n<meta property=\"article:modified_time\" content=\"2026-02-09T19:01:24+00:00\" \/>\n<meta property=\"og:image\" content=\"https:\/\/psychologiedelasante.fr\/wp-content\/uploads\/2026\/02\/Therapies-basees-sur-les-parts-de-soi-1.jpg\" \/>\n\t<meta property=\"og:image:width\" content=\"2000\" \/>\n\t<meta property=\"og:image:height\" content=\"2000\" \/>\n\t<meta property=\"og:image:type\" content=\"image\/jpeg\" \/>\n<meta name=\"twitter:card\" content=\"summary_large_image\" \/>\n<meta name=\"twitter:label1\" content=\"Dur\u00e9e de lecture estim\u00e9e\" \/>\n\t<meta name=\"twitter:data1\" content=\"2 minutes\" \/>\n<script type=\"application\/ld+json\" class=\"yoast-schema-graph\">{\"@context\":\"https:\/\/schema.org\",\"@graph\":[{\"@type\":\"WebPage\",\"@id\":\"https:\/\/psychologiedelasante.fr\/index.php\/therapie-basee-sur-les-parts-de-soi\/\",\"url\":\"https:\/\/psychologiedelasante.fr\/index.php\/therapie-basee-sur-les-parts-de-soi\/\",\"name\":\"Th\u00e9rapies bas\u00e9es sur les parts de soi | Amandine BONNET | Psychologue, Psychoth\u00e9rapeute | Montpellier\",\"isPartOf\":{\"@id\":\"https:\/\/psychologiedelasante.fr\/#website\"},\"primaryImageOfPage\":{\"@id\":\"https:\/\/psychologiedelasante.fr\/index.php\/therapie-basee-sur-les-parts-de-soi\/#primaryimage\"},\"image\":{\"@id\":\"https:\/\/psychologiedelasante.fr\/index.php\/therapie-basee-sur-les-parts-de-soi\/#primaryimage\"},\"thumbnailUrl\":\"https:\/\/psychologiedelasante.fr\/wp-content\/uploads\/2026\/02\/Therapies-basees-sur-les-parts-de-soi-1.jpg\",\"datePublished\":\"2026-01-28T18:19:23+00:00\",\"dateModified\":\"2026-02-09T19:01:24+00:00\",\"description\":\"Amandine BONNET, Psychologue de la sant\u00e9, Psychoth\u00e9rapeute, Consultante Pr\u00e9vention Sant\u00e9, Th\u00e9rapies de pleine conscience, Montpellier, France\",\"breadcrumb\":{\"@id\":\"https:\/\/psychologiedelasante.fr\/index.php\/therapie-basee-sur-les-parts-de-soi\/#breadcrumb\"},\"inLanguage\":\"fr-FR\",\"potentialAction\":[{\"@type\":\"ReadAction\",\"target\":[\"https:\/\/psychologiedelasante.fr\/index.php\/therapie-basee-sur-les-parts-de-soi\/\"]}]},{\"@type\":\"ImageObject\",\"inLanguage\":\"fr-FR\",\"@id\":\"https:\/\/psychologiedelasante.fr\/index.php\/therapie-basee-sur-les-parts-de-soi\/#primaryimage\",\"url\":\"https:\/\/psychologiedelasante.fr\/wp-content\/uploads\/2026\/02\/Therapies-basees-sur-les-parts-de-soi-1.jpg\",\"contentUrl\":\"https:\/\/psychologiedelasante.fr\/wp-content\/uploads\/2026\/02\/Therapies-basees-sur-les-parts-de-soi-1.jpg\",\"width\":2000,\"height\":2000,\"caption\":\"Th\u00e9rapies bas\u00e9es sur les parts de soi\"},{\"@type\":\"BreadcrumbList\",\"@id\":\"https:\/\/psychologiedelasante.fr\/index.php\/therapie-basee-sur-les-parts-de-soi\/#breadcrumb\",\"itemListElement\":[{\"@type\":\"ListItem\",\"position\":1,\"name\":\"Accueil\",\"item\":\"https:\/\/psychologiedelasante.fr\/\"},{\"@type\":\"ListItem\",\"position\":2,\"name\":\"Th\u00e9rapies bas\u00e9es sur les parts de soi\"}]},{\"@type\":\"WebSite\",\"@id\":\"https:\/\/psychologiedelasante.fr\/#website\",\"url\":\"https:\/\/psychologiedelasante.fr\/\",\"name\":\"Amandine BONNET, Psychologue, Psychoth\u00e9rapeute, Formatrice\",\"description\":\"\",\"potentialAction\":[{\"@type\":\"SearchAction\",\"target\":{\"@type\":\"EntryPoint\",\"urlTemplate\":\"https:\/\/psychologiedelasante.fr\/?s={search_term_string}\"},\"query-input\":{\"@type\":\"PropertyValueSpecification\",\"valueRequired\":true,\"valueName\":\"search_term_string\"}}],\"inLanguage\":\"fr-FR\"}]}<\/script>\n<!-- \/ Yoast SEO plugin. -->","yoast_head_json":{"title":"Th\u00e9rapies bas\u00e9es sur les parts de soi | Amandine BONNET | Psychologue, Psychoth\u00e9rapeute | Montpellier","description":"Amandine BONNET, Psychologue de la sant\u00e9, Psychoth\u00e9rapeute, Consultante Pr\u00e9vention Sant\u00e9, Th\u00e9rapies de pleine conscience, Montpellier, France","robots":{"index":"index","follow":"follow","max-snippet":"max-snippet:-1","max-image-preview":"max-image-preview:large","max-video-preview":"max-video-preview:-1"},"canonical":"https:\/\/psychologiedelasante.fr\/index.php\/therapie-basee-sur-les-parts-de-soi\/","og_locale":"fr_FR","og_type":"article","og_title":"Th\u00e9rapies bas\u00e9es sur les parts de soi | Amandine BONNET | Psychologue, Psychoth\u00e9rapeute | Montpellier","og_description":"Amandine BONNET, Psychologue de la sant\u00e9, Psychoth\u00e9rapeute, Consultante Pr\u00e9vention Sant\u00e9, Th\u00e9rapies de pleine conscience, Montpellier, France","og_url":"https:\/\/psychologiedelasante.fr\/index.php\/therapie-basee-sur-les-parts-de-soi\/","og_site_name":"Amandine BONNET | Psychologue, Psychoth\u00e9rapeute | Montpellier","article_modified_time":"2026-02-09T19:01:24+00:00","og_image":[{"width":2000,"height":2000,"url":"https:\/\/psychologiedelasante.fr\/wp-content\/uploads\/2026\/02\/Therapies-basees-sur-les-parts-de-soi-1.jpg","type":"image\/jpeg"}],"twitter_card":"summary_large_image","twitter_misc":{"Dur\u00e9e de lecture estim\u00e9e":"2 minutes"},"schema":{"@context":"https:\/\/schema.org","@graph":[{"@type":"WebPage","@id":"https:\/\/psychologiedelasante.fr\/index.php\/therapie-basee-sur-les-parts-de-soi\/","url":"https:\/\/psychologiedelasante.fr\/index.php\/therapie-basee-sur-les-parts-de-soi\/","name":"Th\u00e9rapies bas\u00e9es sur les parts de soi | Amandine BONNET | Psychologue, Psychoth\u00e9rapeute | Montpellier","isPartOf":{"@id":"https:\/\/psychologiedelasante.fr\/#website"},"primaryImageOfPage":{"@id":"https:\/\/psychologiedelasante.fr\/index.php\/therapie-basee-sur-les-parts-de-soi\/#primaryimage"},"image":{"@id":"https:\/\/psychologiedelasante.fr\/index.php\/therapie-basee-sur-les-parts-de-soi\/#primaryimage"},"thumbnailUrl":"https:\/\/psychologiedelasante.fr\/wp-content\/uploads\/2026\/02\/Therapies-basees-sur-les-parts-de-soi-1.jpg","datePublished":"2026-01-28T18:19:23+00:00","dateModified":"2026-02-09T19:01:24+00:00","description":"Amandine BONNET, Psychologue de la sant\u00e9, Psychoth\u00e9rapeute, Consultante Pr\u00e9vention Sant\u00e9, Th\u00e9rapies de pleine conscience, Montpellier, France","breadcrumb":{"@id":"https:\/\/psychologiedelasante.fr\/index.php\/therapie-basee-sur-les-parts-de-soi\/#breadcrumb"},"inLanguage":"fr-FR","potentialAction":[{"@type":"ReadAction","target":["https:\/\/psychologiedelasante.fr\/index.php\/therapie-basee-sur-les-parts-de-soi\/"]}]},{"@type":"ImageObject","inLanguage":"fr-FR","@id":"https:\/\/psychologiedelasante.fr\/index.php\/therapie-basee-sur-les-parts-de-soi\/#primaryimage","url":"https:\/\/psychologiedelasante.fr\/wp-content\/uploads\/2026\/02\/Therapies-basees-sur-les-parts-de-soi-1.jpg","contentUrl":"https:\/\/psychologiedelasante.fr\/wp-content\/uploads\/2026\/02\/Therapies-basees-sur-les-parts-de-soi-1.jpg","width":2000,"height":2000,"caption":"Th\u00e9rapies bas\u00e9es sur les parts de soi"},{"@type":"BreadcrumbList","@id":"https:\/\/psychologiedelasante.fr\/index.php\/therapie-basee-sur-les-parts-de-soi\/#breadcrumb","itemListElement":[{"@type":"ListItem","position":1,"name":"Accueil","item":"https:\/\/psychologiedelasante.fr\/"},{"@type":"ListItem","position":2,"name":"Th\u00e9rapies bas\u00e9es sur les parts de soi"}]},{"@type":"WebSite","@id":"https:\/\/psychologiedelasante.fr\/#website","url":"https:\/\/psychologiedelasante.fr\/","name":"Amandine BONNET, Psychologue, Psychoth\u00e9rapeute, Formatrice","description":"","potentialAction":[{"@type":"SearchAction","target":{"@type":"EntryPoint","urlTemplate":"https:\/\/psychologiedelasante.fr\/?s={search_term_string}"},"query-input":{"@type":"PropertyValueSpecification","valueRequired":true,"valueName":"search_term_string"}}],"inLanguage":"fr-FR"}]}},"_links":{"self":[{"href":"https:\/\/psychologiedelasante.fr\/index.php\/wp-json\/wp\/v2\/pages\/1692","targetHints":{"allow":["GET"]}}],"collection":[{"href":"https:\/\/psychologiedelasante.fr\/index.php\/wp-json\/wp\/v2\/pages"}],"about":[{"href":"https:\/\/psychologiedelasante.fr\/index.php\/wp-json\/wp\/v2\/types\/page"}],"author":[{"embeddable":true,"href":"https:\/\/psychologiedelasante.fr\/index.php\/wp-json\/wp\/v2\/users\/1"}],"replies":[{"embeddable":true,"href":"https:\/\/psychologiedelasante.fr\/index.php\/wp-json\/wp\/v2\/comments?post=1692"}],"version-history":[{"count":4,"href":"https:\/\/psychologiedelasante.fr\/index.php\/wp-json\/wp\/v2\/pages\/1692\/revisions"}],"predecessor-version":[{"id":1737,"href":"https:\/\/psychologiedelasante.fr\/index.php\/wp-json\/wp\/v2\/pages\/1692\/revisions\/1737"}],"wp:featuredmedia":[{"embeddable":true,"href":"https:\/\/psychologiedelasante.fr\/index.php\/wp-json\/wp\/v2\/media\/1821"}],"wp:attachment":[{"href":"https:\/\/psychologiedelasante.fr\/index.php\/wp-json\/wp\/v2\/media?parent=1692"}],"curies":[{"name":"wp","href":"https:\/\/api.w.org\/{rel}","templated":true}]}}