{"id":1824,"date":"2026-02-09T20:18:44","date_gmt":"2026-02-09T19:18:44","guid":{"rendered":"https:\/\/psychologiedelasante.fr\/?page_id=1824"},"modified":"2026-02-24T20:58:46","modified_gmt":"2026-02-24T19:58:46","slug":"documents-a-telecharger","status":"publish","type":"page","link":"https:\/\/psychologiedelasante.fr\/index.php\/documents-a-telecharger\/","title":{"rendered":"Documents \u00e0 t\u00e9l\u00e9charger"},"content":{"rendered":"<div id=\"pl-1824\"  class=\"panel-layout\" ><div id=\"pg-1824-0\"  class=\"panel-grid panel-no-style\" ><div id=\"pgc-1824-0-0\"  class=\"panel-grid-cell\" ><div id=\"panel-1824-0-0-0\" class=\"so-panel widget widget_sow-editor panel-first-child panel-last-child\" data-index=\"0\" ><div class=\"panel-widget-style panel-widget-style-for-1824-0-0-0\" ><div\n\t\t\t\n\t\t\tclass=\"so-widget-sow-editor so-widget-sow-editor-base\"\n\t\t\t\n\t\t>\n<div class=\"siteorigin-widget-tinymce textwidget\">\n\t<h2>Documents PDF :<\/h2>\n<p>-&gt; <a href=\"https:\/\/psychologiedelasante.fr\/wp-content\/uploads\/2026\/02\/Les-Emotions.pdf\">Les 6 \u00e9motions de base<\/a>: d\u00e9clencheurs, r\u00e9actions \u00e9motionnelles et besoins associ\u00e9s<\/p>\n<p>-&gt; <a href=\"https:\/\/psychologiedelasante.fr\/wp-content\/uploads\/2026\/02\/Les-Besoins.pdf\">Les Besoins<\/a> : liste non exhaustive des besoins issus de la Communication Non Violente<\/p>\n<p>-&gt;<a href=\"https:\/\/psychologiedelasante.fr\/wp-content\/uploads\/2026\/02\/Les-Styles-d-attachement.pdf\">Les Styles d'attachement<\/a> : les 4 grands types d'attachement selon la th\u00e9orie de John Bowlby<\/p>\n<p>-&gt; <a href=\"https:\/\/psychologiedelasante.fr\/wp-content\/uploads\/2026\/02\/Fenetre-de-tolerance.pdf\">La fen\u00eatre de tol\u00e9ranc<\/a><a href=\"https:\/\/psychologiedelasante.fr\/wp-content\/uploads\/2026\/02\/Fenetre-de-tolerance.pdf\">e<\/a> : outil de r\u00e9gulation \u00e9motionnelle d\u00e9crit par le Dr Dan Siegel et repr\u00e9sentant l'\u00e9tat optimal d'activation du syst\u00e8me nerveux<\/p>\n<\/div>\n<\/div><\/div><\/div><\/div><\/div><\/div>","protected":false},"excerpt":{"rendered":"<p>Documents PDF : -&gt; Les 6 \u00e9motions de base: d\u00e9clencheurs, r\u00e9actions \u00e9motionnelles et besoins associ\u00e9s -&gt; Les Besoins : liste non exhaustive des besoins issus de la Communication Non Violente -&gt;Les Styles d&rsquo;attachement : les 4 grands types d&rsquo;attachement selon la th\u00e9orie de John Bowlby -&gt; La fen\u00eatre de tol\u00e9rance : outil de r\u00e9gulation \u00e9motionnelle [&hellip;]<\/p>\n","protected":false},"author":1,"featured_media":0,"parent":0,"menu_order":0,"comment_status":"closed","ping_status":"closed","template":"","meta":{"footnotes":""},"class_list":["post-1824","page","type-page","status-publish","hentry"],"yoast_head":"<!-- This site is optimized with the Yoast SEO plugin v26.9 - https:\/\/yoast.com\/product\/yoast-seo-wordpress\/ -->\n<title>Documents \u00e0 t\u00e9l\u00e9charger | Amandine BONNET | Psychologue, Psychoth\u00e9rapeute | Montpellier<\/title>\n<meta name=\"description\" content=\"Amandine BONNET, Psychologue de la sant\u00e9, Psychoth\u00e9rapeute, Consultante Pr\u00e9vention Sant\u00e9, Th\u00e9rapies de pleine conscience, Montpellier, France\" \/>\n<meta name=\"robots\" content=\"index, follow, max-snippet:-1, max-image-preview:large, max-video-preview:-1\" \/>\n<link rel=\"canonical\" href=\"https:\/\/psychologiedelasante.fr\/index.php\/documents-a-telecharger\/\" \/>\n<meta property=\"og:locale\" content=\"fr_FR\" \/>\n<meta property=\"og:type\" content=\"article\" \/>\n<meta property=\"og:title\" content=\"Documents \u00e0 t\u00e9l\u00e9charger | Amandine BONNET | Psychologue, Psychoth\u00e9rapeute | Montpellier\" \/>\n<meta property=\"og:description\" content=\"Amandine BONNET, Psychologue de la sant\u00e9, Psychoth\u00e9rapeute, Consultante Pr\u00e9vention Sant\u00e9, Th\u00e9rapies de pleine conscience, Montpellier, France\" \/>\n<meta property=\"og:url\" content=\"https:\/\/psychologiedelasante.fr\/index.php\/documents-a-telecharger\/\" \/>\n<meta property=\"og:site_name\" content=\"Amandine BONNET | Psychologue, Psychoth\u00e9rapeute | Montpellier\" \/>\n<meta property=\"article:modified_time\" content=\"2026-02-24T19:58:46+00:00\" \/>\n<meta name=\"twitter:card\" content=\"summary_large_image\" \/>\n<meta name=\"twitter:label1\" content=\"Dur\u00e9e de lecture estim\u00e9e\" \/>\n\t<meta name=\"twitter:data1\" content=\"1 minute\" \/>\n<script type=\"application\/ld+json\" class=\"yoast-schema-graph\">{\"@context\":\"https:\/\/schema.org\",\"@graph\":[{\"@type\":\"WebPage\",\"@id\":\"https:\/\/psychologiedelasante.fr\/index.php\/documents-a-telecharger\/\",\"url\":\"https:\/\/psychologiedelasante.fr\/index.php\/documents-a-telecharger\/\",\"name\":\"Documents \u00e0 t\u00e9l\u00e9charger | Amandine BONNET | Psychologue, Psychoth\u00e9rapeute | Montpellier\",\"isPartOf\":{\"@id\":\"https:\/\/psychologiedelasante.fr\/#website\"},\"datePublished\":\"2026-02-09T19:18:44+00:00\",\"dateModified\":\"2026-02-24T19:58:46+00:00\",\"description\":\"Amandine BONNET, Psychologue de la sant\u00e9, Psychoth\u00e9rapeute, Consultante Pr\u00e9vention Sant\u00e9, Th\u00e9rapies de pleine conscience, Montpellier, France\",\"breadcrumb\":{\"@id\":\"https:\/\/psychologiedelasante.fr\/index.php\/documents-a-telecharger\/#breadcrumb\"},\"inLanguage\":\"fr-FR\",\"potentialAction\":[{\"@type\":\"ReadAction\",\"target\":[\"https:\/\/psychologiedelasante.fr\/index.php\/documents-a-telecharger\/\"]}]},{\"@type\":\"BreadcrumbList\",\"@id\":\"https:\/\/psychologiedelasante.fr\/index.php\/documents-a-telecharger\/#breadcrumb\",\"itemListElement\":[{\"@type\":\"ListItem\",\"position\":1,\"name\":\"Accueil\",\"item\":\"https:\/\/psychologiedelasante.fr\/\"},{\"@type\":\"ListItem\",\"position\":2,\"name\":\"Documents \u00e0 t\u00e9l\u00e9charger\"}]},{\"@type\":\"WebSite\",\"@id\":\"https:\/\/psychologiedelasante.fr\/#website\",\"url\":\"https:\/\/psychologiedelasante.fr\/\",\"name\":\"Amandine BONNET, Psychologue, Psychoth\u00e9rapeute, Formatrice\",\"description\":\"\",\"potentialAction\":[{\"@type\":\"SearchAction\",\"target\":{\"@type\":\"EntryPoint\",\"urlTemplate\":\"https:\/\/psychologiedelasante.fr\/?s={search_term_string}\"},\"query-input\":{\"@type\":\"PropertyValueSpecification\",\"valueRequired\":true,\"valueName\":\"search_term_string\"}}],\"inLanguage\":\"fr-FR\"}]}<\/script>\n<!-- \/ Yoast SEO plugin. -->","yoast_head_json":{"title":"Documents \u00e0 t\u00e9l\u00e9charger | Amandine BONNET | Psychologue, Psychoth\u00e9rapeute | Montpellier","description":"Amandine BONNET, Psychologue de la sant\u00e9, Psychoth\u00e9rapeute, Consultante Pr\u00e9vention Sant\u00e9, Th\u00e9rapies de pleine conscience, Montpellier, France","robots":{"index":"index","follow":"follow","max-snippet":"max-snippet:-1","max-image-preview":"max-image-preview:large","max-video-preview":"max-video-preview:-1"},"canonical":"https:\/\/psychologiedelasante.fr\/index.php\/documents-a-telecharger\/","og_locale":"fr_FR","og_type":"article","og_title":"Documents \u00e0 t\u00e9l\u00e9charger | Amandine BONNET | Psychologue, Psychoth\u00e9rapeute | Montpellier","og_description":"Amandine BONNET, Psychologue de la sant\u00e9, Psychoth\u00e9rapeute, Consultante Pr\u00e9vention Sant\u00e9, Th\u00e9rapies de pleine conscience, Montpellier, France","og_url":"https:\/\/psychologiedelasante.fr\/index.php\/documents-a-telecharger\/","og_site_name":"Amandine BONNET | Psychologue, Psychoth\u00e9rapeute | Montpellier","article_modified_time":"2026-02-24T19:58:46+00:00","twitter_card":"summary_large_image","twitter_misc":{"Dur\u00e9e de lecture estim\u00e9e":"1 minute"},"schema":{"@context":"https:\/\/schema.org","@graph":[{"@type":"WebPage","@id":"https:\/\/psychologiedelasante.fr\/index.php\/documents-a-telecharger\/","url":"https:\/\/psychologiedelasante.fr\/index.php\/documents-a-telecharger\/","name":"Documents \u00e0 t\u00e9l\u00e9charger | Amandine BONNET | Psychologue, Psychoth\u00e9rapeute | Montpellier","isPartOf":{"@id":"https:\/\/psychologiedelasante.fr\/#website"},"datePublished":"2026-02-09T19:18:44+00:00","dateModified":"2026-02-24T19:58:46+00:00","description":"Amandine BONNET, Psychologue de la sant\u00e9, Psychoth\u00e9rapeute, Consultante Pr\u00e9vention Sant\u00e9, Th\u00e9rapies de pleine conscience, Montpellier, France","breadcrumb":{"@id":"https:\/\/psychologiedelasante.fr\/index.php\/documents-a-telecharger\/#breadcrumb"},"inLanguage":"fr-FR","potentialAction":[{"@type":"ReadAction","target":["https:\/\/psychologiedelasante.fr\/index.php\/documents-a-telecharger\/"]}]},{"@type":"BreadcrumbList","@id":"https:\/\/psychologiedelasante.fr\/index.php\/documents-a-telecharger\/#breadcrumb","itemListElement":[{"@type":"ListItem","position":1,"name":"Accueil","item":"https:\/\/psychologiedelasante.fr\/"},{"@type":"ListItem","position":2,"name":"Documents \u00e0 t\u00e9l\u00e9charger"}]},{"@type":"WebSite","@id":"https:\/\/psychologiedelasante.fr\/#website","url":"https:\/\/psychologiedelasante.fr\/","name":"Amandine BONNET, Psychologue, Psychoth\u00e9rapeute, Formatrice","description":"","potentialAction":[{"@type":"SearchAction","target":{"@type":"EntryPoint","urlTemplate":"https:\/\/psychologiedelasante.fr\/?s={search_term_string}"},"query-input":{"@type":"PropertyValueSpecification","valueRequired":true,"valueName":"search_term_string"}}],"inLanguage":"fr-FR"}]}},"_links":{"self":[{"href":"https:\/\/psychologiedelasante.fr\/index.php\/wp-json\/wp\/v2\/pages\/1824","targetHints":{"allow":["GET"]}}],"collection":[{"href":"https:\/\/psychologiedelasante.fr\/index.php\/wp-json\/wp\/v2\/pages"}],"about":[{"href":"https:\/\/psychologiedelasante.fr\/index.php\/wp-json\/wp\/v2\/types\/page"}],"author":[{"embeddable":true,"href":"https:\/\/psychologiedelasante.fr\/index.php\/wp-json\/wp\/v2\/users\/1"}],"replies":[{"embeddable":true,"href":"https:\/\/psychologiedelasante.fr\/index.php\/wp-json\/wp\/v2\/comments?post=1824"}],"version-history":[{"count":9,"href":"https:\/\/psychologiedelasante.fr\/index.php\/wp-json\/wp\/v2\/pages\/1824\/revisions"}],"predecessor-version":[{"id":1875,"href":"https:\/\/psychologiedelasante.fr\/index.php\/wp-json\/wp\/v2\/pages\/1824\/revisions\/1875"}],"wp:attachment":[{"href":"https:\/\/psychologiedelasante.fr\/index.php\/wp-json\/wp\/v2\/media?parent=1824"}],"curies":[{"name":"wp","href":"https:\/\/api.w.org\/{rel}","templated":true}]}}